{"id":1114,"date":"2025-07-03T12:09:48","date_gmt":"2025-07-03T10:09:48","guid":{"rendered":"https:\/\/kalmarcamping.se\/ueber-uns-2\/"},"modified":"2026-04-16T09:42:14","modified_gmt":"2026-04-16T07:42:14","slug":"ueber-uns","status":"publish","type":"page","link":"https:\/\/kalmarcamping.se\/de\/ueber-uns\/","title":{"rendered":"\u00dcber uns"},"content":{"rendered":"<h2 style=\"font-size: 1.75rem;\">Unsere Geschichte<\/h2>\n<p>Kalmar Camping liegt im Herzen von Sm\u00e5land \u2013 im K\u00fcstenort Rafshagen, wo die Campingtradition fast <strong>70<\/strong> Jahre zur\u00fcckreicht. Generationen von Urlaubern wurden hier von der Meeresbrise, dem Kiefernwald und der besonderen Stille empfangen, die man nur am Kalmarsund findet. Von den ersten einfachen Zeltpl\u00e4tzen hat sich Kalmar Camping zu einem sicheren und beliebten Sommerreiseziel entwickelt.<\/p>\n<h3>Vom klassischen Camping zum modernen Urlaubserlebnis<\/h3>\n<p>Rafshagen hat sich \u00fcber die Jahre behutsam weiterentwickelt. Neue Servicegeb\u00e4ude, modernisierte Stromanschl\u00fcsse, Glamping, Aktivit\u00e4ten und ein Restaurant wurden mit Respekt vor der Natur und der einzigartigen K\u00fcstenlandschaft gestaltet. All dies, um ein modernes Campingerlebnis zu schaffen, bei dem Komfort auf Natur trifft \u2013 ohne dabei die Authentizit\u00e4t und Bodenst\u00e4ndigkeit zu verlieren, f\u00fcr die dieser Ort seit jeher steht.<\/p>\n<h3>Ein Ort, an dem Erinnerungen entstehen<\/h3>\n<p> Heute hei\u00dft Kalmar Camping G\u00e4ste aus ganz Europa willkommen, die Ruhe am Meer, familienfreundlichen Service und authentisches Camping-Feeling suchen. Ob Sie mit Zelt, Wohnwagen, Wohnmobil oder im Glamping-Zimmer anreisen \u2013 das Ziel ist immer dasselbe: <strong>jedem Gast einen warmen, sicheren und unvergesslichen Sommer am Meer zu bereiten.<\/strong> Hier begegnen sich Menschen, hier entstehen Erinnerungen \u2013 und hier f\u00fchlt sich Urlaub so an, wie er sein sollte.<\/p>\n","protected":false},"excerpt":{"rendered":"<p>Unsere Geschichte Kalmar Camping liegt im Herzen von Sm\u00e5land \u2013 im K\u00fcstenort Rafshagen, wo die Campingtradition fast 70 Jahre zur\u00fcckreicht. Generationen von Urlaubern wurden hier von der Meeresbrise, dem Kiefernwald und der besonderen Stille empfangen, die man nur am Kalmarsund findet. Von den ersten einfachen Zeltpl\u00e4tzen hat sich Kalmar Camping zu einem sicheren und beliebten [&hellip;]<\/p>\n","protected":false},"author":1,"featured_media":0,"parent":0,"menu_order":0,"comment_status":"closed","ping_status":"closed","template":"","meta":{"_acf_changed":false,"footnotes":""},"class_list":["post-1114","page","type-page","status-publish","hentry"],"acf":[],"yoast_head":"<!-- This site is optimized with the Yoast SEO plugin v26.5 - https:\/\/yoast.com\/wordpress\/plugins\/seo\/ -->\n<title>\u00dcber uns - Kalmar Camping - Campingplats vid havet - Sverige<\/title>\n<meta name=\"robots\" content=\"index, follow, max-snippet:-1, max-image-preview:large, max-video-preview:-1\" \/>\n<link rel=\"canonical\" href=\"https:\/\/kalmarcamping.se\/de\/ueber-uns\/\" \/>\n<meta property=\"og:locale\" content=\"de_DE\" \/>\n<meta property=\"og:type\" content=\"article\" \/>\n<meta property=\"og:title\" content=\"\u00dcber uns - Kalmar Camping - Campingplats vid havet - Sverige\" \/>\n<meta property=\"og:description\" content=\"Unsere Geschichte Kalmar Camping liegt im Herzen von Sm\u00e5land \u2013 im K\u00fcstenort Rafshagen, wo die Campingtradition fast 70 Jahre zur\u00fcckreicht. Generationen von Urlaubern wurden hier von der Meeresbrise, dem Kiefernwald und der besonderen Stille empfangen, die man nur am Kalmarsund findet. Von den ersten einfachen Zeltpl\u00e4tzen hat sich Kalmar Camping zu einem sicheren und beliebten [&hellip;]\" \/>\n<meta property=\"og:url\" content=\"https:\/\/kalmarcamping.se\/de\/ueber-uns\/\" \/>\n<meta property=\"og:site_name\" content=\"Kalmar Camping - Campingplats vid havet - Sverige\" \/>\n<meta property=\"article:modified_time\" content=\"2026-04-16T07:42:14+00:00\" \/>\n<meta name=\"twitter:card\" content=\"summary_large_image\" \/>\n<meta name=\"twitter:label1\" content=\"Gesch\u00e4tzte Lesezeit\" \/>\n\t<meta name=\"twitter:data1\" content=\"2\u00a0Minuten\" \/>\n<script type=\"application\/ld+json\" class=\"yoast-schema-graph\">{\"@context\":\"https:\/\/schema.org\",\"@graph\":[{\"@type\":\"WebPage\",\"@id\":\"https:\/\/kalmarcamping.se\/de\/ueber-uns\/\",\"url\":\"https:\/\/kalmarcamping.se\/de\/ueber-uns\/\",\"name\":\"\u00dcber uns - Kalmar Camping - Campingplats vid havet - Sverige\",\"isPartOf\":{\"@id\":\"https:\/\/kalmarcamping.se\/de\/#website\"},\"datePublished\":\"2025-07-03T10:09:48+00:00\",\"dateModified\":\"2026-04-16T07:42:14+00:00\",\"breadcrumb\":{\"@id\":\"https:\/\/kalmarcamping.se\/de\/ueber-uns\/#breadcrumb\"},\"inLanguage\":\"de\",\"potentialAction\":[{\"@type\":\"ReadAction\",\"target\":[\"https:\/\/kalmarcamping.se\/de\/ueber-uns\/\"]}]},{\"@type\":\"BreadcrumbList\",\"@id\":\"https:\/\/kalmarcamping.se\/de\/ueber-uns\/#breadcrumb\",\"itemListElement\":[{\"@type\":\"ListItem\",\"position\":1,\"name\":\"kalmarcamping\",\"item\":\"https:\/\/kalmarcamping.se\/de\/\"},{\"@type\":\"ListItem\",\"position\":2,\"name\":\"\u00dcber uns\"}]},{\"@type\":\"WebSite\",\"@id\":\"https:\/\/kalmarcamping.se\/de\/#website\",\"url\":\"https:\/\/kalmarcamping.se\/de\/\",\"name\":\"Kalmar Camping - Campingplats vid havet - Sverige\",\"description\":\"\",\"potentialAction\":[{\"@type\":\"SearchAction\",\"target\":{\"@type\":\"EntryPoint\",\"urlTemplate\":\"https:\/\/kalmarcamping.se\/de\/?s={search_term_string}\"},\"query-input\":{\"@type\":\"PropertyValueSpecification\",\"valueRequired\":true,\"valueName\":\"search_term_string\"}}],\"inLanguage\":\"de\"}]}<\/script>\n<!-- \/ Yoast SEO plugin. -->","yoast_head_json":{"title":"\u00dcber uns - Kalmar Camping - Campingplats vid havet - Sverige","robots":{"index":"index","follow":"follow","max-snippet":"max-snippet:-1","max-image-preview":"max-image-preview:large","max-video-preview":"max-video-preview:-1"},"canonical":"https:\/\/kalmarcamping.se\/de\/ueber-uns\/","og_locale":"de_DE","og_type":"article","og_title":"\u00dcber uns - Kalmar Camping - Campingplats vid havet - Sverige","og_description":"Unsere Geschichte Kalmar Camping liegt im Herzen von Sm\u00e5land \u2013 im K\u00fcstenort Rafshagen, wo die Campingtradition fast 70 Jahre zur\u00fcckreicht. Generationen von Urlaubern wurden hier von der Meeresbrise, dem Kiefernwald und der besonderen Stille empfangen, die man nur am Kalmarsund findet. Von den ersten einfachen Zeltpl\u00e4tzen hat sich Kalmar Camping zu einem sicheren und beliebten [&hellip;]","og_url":"https:\/\/kalmarcamping.se\/de\/ueber-uns\/","og_site_name":"Kalmar Camping - Campingplats vid havet - Sverige","article_modified_time":"2026-04-16T07:42:14+00:00","twitter_card":"summary_large_image","twitter_misc":{"Gesch\u00e4tzte Lesezeit":"2\u00a0Minuten"},"schema":{"@context":"https:\/\/schema.org","@graph":[{"@type":"WebPage","@id":"https:\/\/kalmarcamping.se\/de\/ueber-uns\/","url":"https:\/\/kalmarcamping.se\/de\/ueber-uns\/","name":"\u00dcber uns - Kalmar Camping - Campingplats vid havet - Sverige","isPartOf":{"@id":"https:\/\/kalmarcamping.se\/de\/#website"},"datePublished":"2025-07-03T10:09:48+00:00","dateModified":"2026-04-16T07:42:14+00:00","breadcrumb":{"@id":"https:\/\/kalmarcamping.se\/de\/ueber-uns\/#breadcrumb"},"inLanguage":"de","potentialAction":[{"@type":"ReadAction","target":["https:\/\/kalmarcamping.se\/de\/ueber-uns\/"]}]},{"@type":"BreadcrumbList","@id":"https:\/\/kalmarcamping.se\/de\/ueber-uns\/#breadcrumb","itemListElement":[{"@type":"ListItem","position":1,"name":"kalmarcamping","item":"https:\/\/kalmarcamping.se\/de\/"},{"@type":"ListItem","position":2,"name":"\u00dcber uns"}]},{"@type":"WebSite","@id":"https:\/\/kalmarcamping.se\/de\/#website","url":"https:\/\/kalmarcamping.se\/de\/","name":"Kalmar Camping - Campingplats vid havet - Sverige","description":"","potentialAction":[{"@type":"SearchAction","target":{"@type":"EntryPoint","urlTemplate":"https:\/\/kalmarcamping.se\/de\/?s={search_term_string}"},"query-input":{"@type":"PropertyValueSpecification","valueRequired":true,"valueName":"search_term_string"}}],"inLanguage":"de"}]}},"_links":{"self":[{"href":"https:\/\/kalmarcamping.se\/de\/wp-json\/wp\/v2\/pages\/1114","targetHints":{"allow":["GET"]}}],"collection":[{"href":"https:\/\/kalmarcamping.se\/de\/wp-json\/wp\/v2\/pages"}],"about":[{"href":"https:\/\/kalmarcamping.se\/de\/wp-json\/wp\/v2\/types\/page"}],"author":[{"embeddable":true,"href":"https:\/\/kalmarcamping.se\/de\/wp-json\/wp\/v2\/users\/1"}],"replies":[{"embeddable":true,"href":"https:\/\/kalmarcamping.se\/de\/wp-json\/wp\/v2\/comments?post=1114"}],"version-history":[{"count":3,"href":"https:\/\/kalmarcamping.se\/de\/wp-json\/wp\/v2\/pages\/1114\/revisions"}],"predecessor-version":[{"id":1950,"href":"https:\/\/kalmarcamping.se\/de\/wp-json\/wp\/v2\/pages\/1114\/revisions\/1950"}],"wp:attachment":[{"href":"https:\/\/kalmarcamping.se\/de\/wp-json\/wp\/v2\/media?parent=1114"}],"curies":[{"name":"wp","href":"https:\/\/api.w.org\/{rel}","templated":true}]}}